{"id":4022,"date":"2025-04-01T19:44:08","date_gmt":"2025-04-01T19:44:08","guid":{"rendered":"https:\/\/crystalart.inventocom.com.br\/?post_type=product&#038;p=4022"},"modified":"2025-04-01T19:44:51","modified_gmt":"2025-04-01T19:44:51","slug":"papel-de-parede-classici-4-4a095011r","status":"publish","type":"product","link":"https:\/\/crystalart.inventocom.com.br\/index.php\/produto\/papel-de-parede-classici-4-4a095011r\/","title":{"rendered":"Papel De Parede Classici 4 4A095011R"},"content":{"rendered":"<div class=\"accordion-header js-accordion-header\">\n<h5 class=\"h5-accordeon\"><span style=\"font-size: 16px;\">Vantagens: Produto n\u00e3o-adesivo, antial\u00e9rgico e at\u00f3xico. <\/span><\/h5>\n<\/div>\n","protected":false},"excerpt":{"rendered":"<div class=\"accordion-header js-accordion-header\">\n<p>Transforme seu espa\u00e7o com o nosso\u00a0<strong>Papel de Parede Texturizado e Lav\u00e1vel!<\/strong>\u00a0Este produto importado \u00e9 a solu\u00e7\u00e3o ideal para quem deseja renovar a pintura de\u00a0<strong>salas, quartos, lavabos, cozinhas<\/strong>, entre outros, proporcionando um toque distinto e elegante ao ambiente.<\/p>\n<\/div>\n<div><strong>Calcule quantos rolos voc\u00ea precisa<\/strong><\/div>\n<div class=\"accordion-body js-accordion-body\" data-ix=\"hide-on-load\">\n<div class=\"accordion-body js-accordion-body\" data-ix=\"hide-on-load\">\n<div class=\"accordion-body__contents\">\n<p>Antes de comprar o seu Papel de Parede \u00e9 importante calcular a quantidade necess\u00e1ria para cobrir toda a superf\u00edcie da parede:<\/p>\n<p>&#8211; Multiplique a altura da parede (m) pela largura (m). O resultado ser\u00e1 a quantidade de metros quadrados necess\u00e1rios para cobertura.<br \/>\n&#8211; Por fim, verifique o rendimento do rolo (m\u00b2) para identificar quantos ser\u00e3o necess\u00e1rios.<\/p>\n<\/div>\n<div class=\"accordion-header js-accordion-header\">\n<h5 class=\"h5-accordeon\"><strong>Como aplicar seu papel de parede<\/strong><\/h5>\n<\/div>\n<div class=\"accordion-body js-accordion-body\" data-ix=\"hide-on-load\">\n<div class=\"accordion-body__contents\">A aplica\u00e7\u00e3o do papel de parede deve ser feita por um <strong>profissional especializado<\/strong>.<br \/>\nListamos abaixo algumas orienta\u00e7\u00f5es para a obten\u00e7\u00e3o de um bom resultado final:<br \/>\n&#8211; Antes de cortar e aplicar o papel, o mesmo deve ser analisado no seu todo (todos os rolos), visando verificar poss\u00edveis defeitos.<br \/>\n&#8211; Todos os materiais utilizados devem estar limpos e secos, para evitar qualquer mancha ou sujeira;<br \/>\n&#8211; O ch\u00e3o deve ser forrado com pl\u00e1stico, para evitar que respingos de cola sujem tapetes ou outras superf\u00edcies;<br \/>\n&#8211; A cola utilizada deve ser espec\u00edfica para papel de parede, pois ela tem todas as propriedades necess\u00e1rias para que o papel fique bem colado;<br \/>\n&#8211; A parede deve estar bem preparada para receber o papel: limpa, sem umidade, sem gordura, sem imperfei\u00e7\u00f5es ou rachaduras e bem lixada;<br \/>\n&#8211; Verificar a tinta ou outro material que est\u00e1 aplicado na parede. Em caso de tinta acr\u00edlica \u00e9 necess\u00e1rio lixar a parede e em seguida tirar bem o p\u00f3;<br \/>\n&#8211; O revestimento n\u00e3o se fixa em paredes pintadas com tintas a base de cal, tintas acr\u00edlicas dilu\u00eddas em solvente, tintas a base de \u00f3leo ou em ep\u00f3xi; madeiras envernizadas t\u00eam que ser lixadas;<br \/>\n&#8211; Paredes pintadas com cores fortes podem retratar a imagem se o papel for branco ou de cor clara.<\/div>\n<\/div>\n<\/div>\n<div><\/div>\n<div class=\"accordion-body js-accordion-body\" data-ix=\"hide-on-load\">\n<div class=\"accordion-body__contents\">\n<p><strong>Importante:<\/strong>\u00a0Pap\u00e9is de Parede estampados precisam ser comprados em maiores quantidades, pois os desenhos precisam ser alinhados.<\/p>\n<p>Se preferir, entre em contato atrav\u00e9s do WhatsApp, envie as medidas e confirme a quantidade com um atendente.<\/p>\n<\/div>\n<p>&nbsp;<\/p>\n<\/div>\n<\/div>\n","protected":false},"featured_media":4023,"comment_status":"open","ping_status":"closed","template":"","meta":{"_joinchat":[]},"product_brand":[],"product_cat":[49],"product_tag":[],"class_list":{"0":"post-4022","1":"product","2":"type-product","3":"status-publish","4":"has-post-thumbnail","6":"product_cat-papel-parede-vinilico-classici-4","8":"first","9":"instock","10":"sale","11":"shipping-taxable","12":"purchasable","13":"product-type-simple"},"_links":{"self":[{"href":"https:\/\/crystalart.inventocom.com.br\/index.php\/wp-json\/wp\/v2\/product\/4022","targetHints":{"allow":["GET"]}}],"collection":[{"href":"https:\/\/crystalart.inventocom.com.br\/index.php\/wp-json\/wp\/v2\/product"}],"about":[{"href":"https:\/\/crystalart.inventocom.com.br\/index.php\/wp-json\/wp\/v2\/types\/product"}],"replies":[{"embeddable":true,"href":"https:\/\/crystalart.inventocom.com.br\/index.php\/wp-json\/wp\/v2\/comments?post=4022"}],"wp:featuredmedia":[{"embeddable":true,"href":"https:\/\/crystalart.inventocom.com.br\/index.php\/wp-json\/wp\/v2\/media\/4023"}],"wp:attachment":[{"href":"https:\/\/crystalart.inventocom.com.br\/index.php\/wp-json\/wp\/v2\/media?parent=4022"}],"wp:term":[{"taxonomy":"product_brand","embeddable":true,"href":"https:\/\/crystalart.inventocom.com.br\/index.php\/wp-json\/wp\/v2\/product_brand?post=4022"},{"taxonomy":"product_cat","embeddable":true,"href":"https:\/\/crystalart.inventocom.com.br\/index.php\/wp-json\/wp\/v2\/product_cat?post=4022"},{"taxonomy":"product_tag","embeddable":true,"href":"https:\/\/crystalart.inventocom.com.br\/index.php\/wp-json\/wp\/v2\/product_tag?post=4022"}],"curies":[{"name":"wp","href":"https:\/\/api.w.org\/{rel}","templated":true}]}}